{"id":47,"date":"2023-05-10T15:03:12","date_gmt":"2023-05-10T20:03:12","guid":{"rendered":"https:\/\/linkingcol.com\/?page_id=47"},"modified":"2024-04-26T23:07:25","modified_gmt":"2024-04-27T04:07:25","slug":"servicios","status":"publish","type":"page","link":"https:\/\/linkingcol.com\/index.php\/servicios\/","title":{"rendered":"SERVICIOS"},"content":{"rendered":"\n<div class=\"section-wrapper\" data-id=\"rPqs2y\"><section class=\"wp-block-gutenverse-section guten-element guten-section guten-rPqs2y layout-boxed align-stretch\"><div class=\"guten-background-overlay\"><\/div><div class=\"guten-shape-divider guten-shape-divider-top\"><\/div><div class=\"guten-shape-divider guten-shape-divider-bottom\"><\/div><div class=\"guten-container guten-column-gap-no\">\n<div class=\"wp-block-gutenverse-column guten-element guten-column guten-OrmICS\"><div class=\"guten-background-overlay\"><\/div><div class=\"sticky-wrapper\" data-id=\"OrmICS\"><div class=\"guten-column-wrapper\">\n<h3 class=\"wp-block-gutenverse-heading guten-element guten-E1BW41\">SERVICIO WEB<\/h3>\n\n\n\n<h2 class=\"wp-block-gutenverse-heading guten-element guten-pBivh2\">Dise\u00f1o y estructuraci\u00f3n de paginas web<\/h2>\n\n\n\n<div class=\"guten-element gutenverse-text-editor guten-S1CAGO\"><div class=\"text-content-inner\"><\/div><\/div>\n\n\n\n<div class=\"section-wrapper\" data-id=\"8mTZDG\"><section class=\"wp-block-gutenverse-section guten-element guten-section guten-8mTZDG layout-boxed align-stretch\"><div class=\"guten-background-overlay\"><\/div><div class=\"guten-shape-divider guten-shape-divider-top\"><\/div><div class=\"guten-shape-divider guten-shape-divider-bottom\"><\/div><div class=\"guten-container guten-column-gap-no\">\n<div class=\"wp-block-gutenverse-column guten-element guten-column guten-DjlxFL animated guten-element-hide desktop-fadeInUp\"><div class=\"guten-background-overlay\"><\/div><div class=\"sticky-wrapper\" data-id=\"DjlxFL\"><div class=\"guten-column-wrapper\">\n<div class=\"guten-element guten-WGDRSL guten-icon-box icon-position-undefined\"><div class=\"guten-icon-box-wrapper hover-from-left\"><div class=\"icon-box icon-box-header\"><div class=\"icon style-color\"><i class=\"gtn gtn-presentation-light\"><\/i><\/div><\/div><div class=\"icon-box icon-box-body\"><h3 class=\"title\">Planeaci\u00f3n<\/h3><p class=\"icon-box-description\">Maquetaci\u00f3n de contenido por \u00e1reas <\/p><\/div><div class=\"hover-watermark\"><i class=\"gtn gtn-presentation-light\"><\/i><\/div><\/div><\/div>\n<\/div><\/div><\/div>\n\n\n\n<div class=\"wp-block-gutenverse-column guten-element guten-column guten-A6ELzg animated guten-element-hide desktop-fadeInUp\"><div class=\"guten-background-overlay\"><\/div><div class=\"sticky-wrapper\" data-id=\"A6ELzg\"><div class=\"guten-column-wrapper\">\n<div class=\"guten-element guten-rJGBmS guten-icon-box icon-position-undefined\"><div class=\"guten-icon-box-wrapper hover-from-left\"><div class=\"icon-box icon-box-header\"><div class=\"icon style-color\"><i class=\"gtn gtn-team-1-light\"><\/i><\/div><\/div><div class=\"icon-box icon-box-body\"><h3 class=\"title\">Contacto<\/h3><p class=\"icon-box-description\">Formularios de contacto<\/p><\/div><div class=\"hover-watermark\"><i class=\"gtn gtn-team-1-light\"><\/i><\/div><\/div><\/div>\n<\/div><\/div><\/div>\n\n\n\n<div class=\"wp-block-gutenverse-column guten-element guten-column guten-BrgUex animated guten-element-hide desktop-fadeInUp\"><div class=\"guten-background-overlay\"><\/div><div class=\"sticky-wrapper\" data-id=\"BrgUex\"><div class=\"guten-column-wrapper\">\n<div class=\"guten-element guten-OvTDnS guten-icon-box icon-position-undefined\"><div class=\"guten-icon-box-wrapper hover-from-left\"><div class=\"icon-box icon-box-header\"><div class=\"icon style-color\"><i class=\"gtn gtn-chart2-light\"><\/i><\/div><\/div><div class=\"icon-box icon-box-body\"><h3 class=\"title\">Velocidad<\/h3><p class=\"icon-box-description\">Lite Speed que aumenta la velocidad en los sitios web<\/p><\/div><div class=\"hover-watermark\"><i class=\"gtn gtn-chart2-light\"><\/i><\/div><\/div><\/div>\n<\/div><\/div><\/div>\n<\/div><\/section><\/div>\n\n\n\n<div class=\"section-wrapper\" data-id=\"Dy9TXv\"><section class=\"wp-block-gutenverse-section guten-element guten-section guten-Dy9TXv layout-boxed align-stretch\"><div class=\"guten-background-overlay\"><\/div><div class=\"guten-shape-divider guten-shape-divider-top\"><\/div><div class=\"guten-shape-divider guten-shape-divider-bottom\"><\/div><div class=\"guten-container guten-column-gap-no\">\n<div class=\"wp-block-gutenverse-column guten-element guten-column guten-ljedpr animated guten-element-hide desktop-fadeInUp\"><div class=\"guten-background-overlay\"><\/div><div class=\"sticky-wrapper\" data-id=\"ljedpr\"><div class=\"guten-column-wrapper\">\n<div class=\"guten-element guten-21szTL guten-icon-box icon-position-undefined\"><div class=\"guten-icon-box-wrapper hover-from-left\"><div class=\"icon-box icon-box-header\"><div class=\"icon style-color\"><i class=\"gtn gtn-communication-light\"><\/i><\/div><\/div><div class=\"icon-box icon-box-body\"><h3 class=\"title\">Redes sociales<\/h3><p class=\"icon-box-description\">Integraci\u00f3n con redes sociales <\/p><\/div><div class=\"hover-watermark\"><i class=\"gtn gtn-communication-light\"><\/i><\/div><\/div><\/div>\n<\/div><\/div><\/div>\n\n\n\n<div class=\"wp-block-gutenverse-column guten-element guten-column guten-k3oAKp animated guten-element-hide desktop-fadeInUp\"><div class=\"guten-background-overlay\"><\/div><div class=\"sticky-wrapper\" data-id=\"k3oAKp\"><div class=\"guten-column-wrapper\">\n<div class=\"guten-element gutenverse-text-editor guten-ORjwe0\"><div class=\"text-content-inner\">\n<p class=\"has-primary-font-family\">Si quieres conocer nuestros servicios y paquetes dale clic en el bot\u00f3n<\/p>\n<\/div><\/div>\n\n\n\n<div class=\"guten-element guten-button-wrapper guten-PWpOVQ\"><a class=\"guten-button guten-button-sm\" href=\"https:\/\/linkingcol.com\/index.php\/portafolio\/\"><span>Ver mas<\/span><i class=\"fa-lg gtn gtn-right-arrow1-light\"><\/i><\/a><\/div>\n<\/div><\/div><\/div>\n\n\n\n<div class=\"wp-block-gutenverse-column guten-element guten-column guten-RLuFOn animated guten-element-hide desktop-fadeInUp\"><div class=\"guten-background-overlay\"><\/div><div class=\"sticky-wrapper\" data-id=\"RLuFOn\"><div class=\"guten-column-wrapper\">\n<div class=\"guten-element guten-Igg0jo guten-icon-box icon-position-undefined\"><div class=\"guten-icon-box-wrapper hover-from-left\"><div class=\"icon-box icon-box-header\"><div class=\"icon style-color\"><i class=\"gtn gtn-safebox1-light\"><\/i><\/div><\/div><div class=\"icon-box icon-box-body\"><h3 class=\"title\">Seguridad<\/h3><p class=\"icon-box-description\">Certificado de seguridad SSL<\/p><\/div><div class=\"hover-watermark\"><i class=\"gtn gtn-safebox1-light\"><\/i><\/div><\/div><\/div>\n<\/div><\/div><\/div>\n<\/div><\/section><\/div>\n<\/div><\/div><\/div>\n<\/div><\/section><\/div>\n\n\n\n<h2 class=\"wp-block-heading has-zeever-secondary-color has-text-color\">Otros servicios<\/h2>\n\n\n\n<div class=\"guten-element guten-tabs guten-eHGgKj horizontal animated guten-element-hide slow desktop-fadeIn\"><div class=\"tab-heading\"><div class=\"tab-heading-item active\" id=\"Qx4n5I\" data-id=\"Qx4n5I\"><span>Branding<\/span><\/div><div class=\"tab-heading-item\" id=\"PEGPbm\" data-id=\"PEGPbm\"><span>Marketing Digital<\/span><\/div><div class=\"tab-heading-item\" id=\"XRoADr\" data-id=\"XRoADr\"><span>Piezas graficas<\/span><\/div><div class=\"tab-heading-item\" id=\"osf75c\" data-id=\"osf75c\"><span>Dise\u00f1o de logo<\/span><\/div><div class=\"tab-heading-item\" id=\"9N7uGn\" data-id=\"9N7uGn\"><span>Brochure<\/span><\/div><\/div><div class=\"tab-heading-mobile\"><div class=\"tab-title\"><span>Branding<\/span><i class=\"tab-dropdown-icon fas\"><\/i><\/div><div class=\"tab-option\"><div data-id=\"Qx4n5I\" class=\"tab-option-item active\"><span>Branding<\/span><\/div><div data-id=\"PEGPbm\" class=\"tab-option-item\"><span>Marketing Digital<\/span><\/div><div data-id=\"XRoADr\" class=\"tab-option-item\"><span>Piezas graficas<\/span><\/div><div data-id=\"osf75c\" class=\"tab-option-item\"><span>Dise\u00f1o de logo<\/span><\/div><div data-id=\"9N7uGn\" class=\"tab-option-item\"><span>Brochure<\/span><\/div><\/div><\/div><div class=\"tab-body\">\n<div class=\"Qx4n5I tab-body-item\" data-id=\"Qx4n5I\">\n<pre id=\"tw-target-text\" class=\"wp-block-preformatted has-primary-font-family\">Su identidad de marca debe estar estampada en todo lo que hace.\nLa marca es uno de los ingredientes m\u00e1s importantes para el \u00e9xito de cualquier negocio. Les dice a los clientes qui\u00e9n es usted y lo distingue de sus competidores. Vertimos estrat\u00e9gicamente su identidad en el producto final de una manera que produce conceptos de im\u00e1genes que resonar\u00e1n en su p\u00fablico objetivo y lo har\u00e1n sobresalir incluso entre la multitud m\u00e1s grande.<\/pre>\n<\/div>\n\n\n\n<div class=\"PEGPbm tab-body-item\" data-id=\"PEGPbm\">\n<pre id=\"tw-target-text\" class=\"wp-block-preformatted has-primary-font-family\">Aumente su huella de marketing digital con Linkingco.\nLinkingcol ofrece a los clientes una gama completa de programas promocionales innovadores y estrat\u00e9gicos que impulsan los resultados, aumentan la participaci\u00f3n de mercado y generan ingresos. A trav\u00e9s de programas personalizados de marketing digital que incluyen SEO (optimizaci\u00f3n de motores de b\u00fasqueda), redes sociales y relaciones p\u00fablicas digitales, puede obtener m\u00e1s visibilidad y dominar su mercado. Cont\u00e1ctenos hoy para programar una reuni\u00f3n.<\/pre>\n<\/div>\n\n\n\n<div class=\"XRoADr tab-body-item\" data-id=\"XRoADr\">\n<p class=\"has-primary-font-family\">En un mundo empresarial altamente visual, contar con una identidad de marca s\u00f3lida y reconocible es esencial para captar la atenci\u00f3n de tu audiencia y establecer una presencia s\u00f3lida en el mercado. Si est\u00e1s buscando piezas gr\u00e1ficas de logotipos profesionales y creativas que representen la esencia de tu empresa, est\u00e1s en el lugar adecuado. Tenemos un equipo de dise\u00f1adores que se encargaran de darte las mejores resultados en cuanto a calidad y creatividad.<\/p>\n<\/div>\n\n\n\n<div class=\"osf75c tab-body-item\" data-id=\"osf75c\">\n<p class=\"has-primary-font-family\">En un mundo empresarial cada vez m\u00e1s competitivo, la imagen de tu marca es fundamental para destacar y captar la atenci\u00f3n de tu p\u00fablico objetivo. \u00bfEst\u00e1s buscando un logotipo que refleje la esencia de tu empresa y te ayude a diferenciarte de la competencia? \u00a1Est\u00e1s en el lugar adecuado!<\/p>\n<\/div>\n\n\n\n<div class=\"9N7uGn tab-body-item\" data-id=\"9N7uGn\">\n<p class=\"has-primary-font-family\">Refuerza la identidad visual de tu marca a trav\u00e9s de informaci\u00f3n concisa y estructurada sobre los productos, servicios, promociones y caracter\u00edsticas de tu empresa \u00a1Despierta inter\u00e9s con un brochure profesional y atractivo!<\/p>\n<\/div>\n<\/div><\/div>\n\n\n\n<div style=\"height:62px\" aria-hidden=\"true\" class=\"wp-block-spacer\"><\/div>\n\n\n\n<hr class=\"wp-block-separator has-alpha-channel-opacity is-style-wide\"\/>\n\n\n\n<div class=\"wp-block-group is-style-customboxshadow is-layout-constrained wp-block-group-is-layout-constrained\">\n<div style=\"height:47px\" aria-hidden=\"true\" class=\"wp-block-spacer\"><\/div>\n<\/div>\n\n\n\n<h1 class=\"wp-block-gutenverse-heading guten-element guten-HCWS2k animated guten-element-hide desktop-fadeIn\">Experiencia<\/h1>\n\n\n\n<figure class=\"wp-block-gallery has-nested-images columns-default is-cropped wp-block-gallery-1 is-layout-flex wp-block-gallery-is-layout-flex\">\n<figure class=\"wp-block-image size-large\"><img decoding=\"async\" width=\"1024\" height=\"726\" data-id=\"69\" src=\"http:\/\/linkingcol.com\/wp-content\/uploads\/2023\/05\/Productos-o-servicios-para-empresas-grandes-o-pequenas-1-1024x726.png\" alt=\"\" class=\"wp-image-69\" srcset=\"https:\/\/linkingcol.com\/wp-content\/uploads\/2023\/05\/Productos-o-servicios-para-empresas-grandes-o-pequenas-1-1024x726.png 1024w, https:\/\/linkingcol.com\/wp-content\/uploads\/2023\/05\/Productos-o-servicios-para-empresas-grandes-o-pequenas-1-300x213.png 300w, https:\/\/linkingcol.com\/wp-content\/uploads\/2023\/05\/Productos-o-servicios-para-empresas-grandes-o-pequenas-1-768x545.png 768w, https:\/\/linkingcol.com\/wp-content\/uploads\/2023\/05\/Productos-o-servicios-para-empresas-grandes-o-pequenas-1-1536x1090.png 1536w, https:\/\/linkingcol.com\/wp-content\/uploads\/2023\/05\/Productos-o-servicios-para-empresas-grandes-o-pequenas-1.png 1748w\" sizes=\"(max-width: 1024px) 100vw, 1024px\" \/><\/figure>\n\n\n\n<figure class=\"wp-block-image size-large\"><img decoding=\"async\" width=\"760\" height=\"476\" data-id=\"82\" src=\"http:\/\/linkingcol.com\/wp-content\/uploads\/2023\/05\/appareil-architecte_es.png\" alt=\"\" class=\"wp-image-82\" srcset=\"https:\/\/linkingcol.com\/wp-content\/uploads\/2023\/05\/appareil-architecte_es.png 760w, https:\/\/linkingcol.com\/wp-content\/uploads\/2023\/05\/appareil-architecte_es-300x188.png 300w\" sizes=\"(max-width: 760px) 100vw, 760px\" \/><\/figure>\n\n\n\n<figure class=\"wp-block-image size-large\"><img decoding=\"async\" width=\"1024\" height=\"726\" data-id=\"83\" src=\"http:\/\/linkingcol.com\/wp-content\/uploads\/2023\/05\/Productos-o-servicios-para-empresas-grandes-o-pequenas-1-1-1024x726.png\" alt=\"\" class=\"wp-image-83\" srcset=\"https:\/\/linkingcol.com\/wp-content\/uploads\/2023\/05\/Productos-o-servicios-para-empresas-grandes-o-pequenas-1-1-1024x726.png 1024w, https:\/\/linkingcol.com\/wp-content\/uploads\/2023\/05\/Productos-o-servicios-para-empresas-grandes-o-pequenas-1-1-300x213.png 300w, https:\/\/linkingcol.com\/wp-content\/uploads\/2023\/05\/Productos-o-servicios-para-empresas-grandes-o-pequenas-1-1-768x545.png 768w, https:\/\/linkingcol.com\/wp-content\/uploads\/2023\/05\/Productos-o-servicios-para-empresas-grandes-o-pequenas-1-1-1536x1090.png 1536w, https:\/\/linkingcol.com\/wp-content\/uploads\/2023\/05\/Productos-o-servicios-para-empresas-grandes-o-pequenas-1-1.png 1748w\" sizes=\"(max-width: 1024px) 100vw, 1024px\" \/><\/figure>\n<\/figure>\n\n\n\n<div class=\"wp-block-group alignfull has-text-color has-background is-layout-flow wp-block-group-is-layout-flow\" style=\"color:#000000;background-color:#ffffff\">\n<div style=\"height:64px\" aria-hidden=\"true\" class=\"wp-block-spacer\"><\/div>\n\n\n\n<p class=\"has-text-align-center has-small-font-size\" style=\"line-height:.9\"><strong>Ponte en contacto<\/strong><\/p>\n\n\n\n<h2 class=\"wp-block-heading has-text-align-center\" id=\"schedule-a-visit\" style=\"font-size:59px;line-height:1.15\"><strong>Programa una visita<\/strong><\/h2>\n\n\n\n<div class=\"wp-block-buttons is-horizontal is-content-justification-center is-layout-flex wp-container-core-buttons-is-layout-03627597 wp-block-buttons-is-layout-flex\">\n<div class=\"wp-block-button has-custom-width wp-block-button__width-50\"><a class=\"wp-block-button__link has-text-color has-background wp-element-button\" href=\"https:\/\/wa.link\/t48zsq\" style=\"border-radius:50px;color:#ffffff;background-color:#000000\">Contacta con nosotros<\/a><\/div>\n<\/div>\n\n\n\n<div style=\"height:64px\" aria-hidden=\"true\" class=\"wp-block-spacer\"><\/div>\n<\/div>\n\n\n\n<form style=\"display:none\" class=\"guten-element guten-form-builder guten-z0cSWC\">\n<div class=\"section-wrapper\" data-id=\"GpF4nm\"><section class=\"wp-block-gutenverse-section guten-element guten-section guten-GpF4nm layout-boxed align-stretch\"><div class=\"guten-background-overlay\"><\/div><div class=\"guten-shape-divider guten-shape-divider-top\"><\/div><div class=\"guten-shape-divider guten-shape-divider-bottom\"><\/div><div class=\"guten-container guten-column-gap-default\">\n<div class=\"wp-block-gutenverse-column guten-element guten-column guten-eVe4dM\"><div class=\"guten-background-overlay\"><\/div><div class=\"sticky-wrapper\" data-id=\"eVe4dM\"><div class=\"guten-column-wrapper\">\n<h2 class=\"wp-block-gutenverse-heading guten-element guten-0lApJl\">Envia tu mensaje!<\/h2>\n\n\n\n<h5 class=\"wp-block-gutenverse-heading guten-element guten-O1649j\">Si tienes alguna duda<br><\/h5>\n\n\n\n<form style=\"display:none\" class=\"guten-element guten-form-builder guten-GeR05R\" data-form-id=\"338\" data-hide-after=\"false\" data-redirect=\"admin@linkingcol.com\">\n<div class=\"section-wrapper\" data-id=\"hwC8Lk\"><section class=\"wp-block-gutenverse-section guten-element guten-section guten-hwC8Lk layout-boxed align-stretch\"><div class=\"guten-background-overlay\"><\/div><div class=\"guten-shape-divider guten-shape-divider-top\"><\/div><div class=\"guten-shape-divider guten-shape-divider-bottom\"><\/div><div class=\"guten-container guten-column-gap-no\">\n<div class=\"wp-block-gutenverse-column guten-element guten-column guten-hTdIYs\"><div class=\"guten-background-overlay\"><\/div><div class=\"sticky-wrapper\" data-id=\"hTdIYs\"><div class=\"guten-column-wrapper\">\n<div class=\"guten-element guten-form-input-text guten-form-input guten-input-position-top guten-5vWky5 hide-label hide-helper\"><div class=\"label-wrapper\"><\/div><div class=\"main-wrapper\"><input data-validation=\"{&quot;type&quot;:&quot;text&quot;,&quot;required&quot;:false,&quot;validationType&quot;:&quot;none&quot;,&quot;validationWarning&quot;:&quot;Input Invalid&quot;}\" placeholder=\"Nombre\" name=\"input-text-name\" class=\"gutenverse-input gutenverse-input-text\" type=\"text\"\/><div class=\"validation-error\">Input Invalid<\/div><\/div><\/div>\n<\/div><\/div><\/div>\n\n\n\n<div class=\"wp-block-gutenverse-column guten-element guten-column guten-kEfpGR\"><div class=\"guten-background-overlay\"><\/div><div class=\"sticky-wrapper\" data-id=\"kEfpGR\"><div class=\"guten-column-wrapper\">\n<div class=\"guten-element guten-form-input-text guten-form-input guten-input-position-top guten-QgMaRN hide-label hide-helper\"><div class=\"label-wrapper\"><\/div><div class=\"main-wrapper\"><input data-validation=\"{&quot;type&quot;:&quot;text&quot;,&quot;required&quot;:false,&quot;validationType&quot;:&quot;none&quot;,&quot;validationWarning&quot;:&quot;Input Invalid&quot;}\" placeholder=\"Apellido\" name=\"input-text-name\" class=\"gutenverse-input gutenverse-input-text\" type=\"text\"\/><div class=\"validation-error\">Input Invalid<\/div><\/div><\/div>\n<\/div><\/div><\/div>\n<\/div><\/section><\/div>\n\n\n\n<div class=\"section-wrapper\" data-id=\"rJufvn\"><section class=\"wp-block-gutenverse-section guten-element guten-section guten-rJufvn layout-boxed align-stretch\"><div class=\"guten-background-overlay\"><\/div><div class=\"guten-shape-divider guten-shape-divider-top\"><\/div><div class=\"guten-shape-divider guten-shape-divider-bottom\"><\/div><div class=\"guten-container guten-column-gap-no\">\n<div class=\"wp-block-gutenverse-column guten-element guten-column guten-3nBUBZ\"><div class=\"guten-background-overlay\"><\/div><div class=\"sticky-wrapper\" data-id=\"3nBUBZ\"><div class=\"guten-column-wrapper\">\n<div class=\"guten-element guten-form-input-email guten-form-input guten-input-position-top guten-QJbdoH hide-label hide-helper\"><div class=\"label-wrapper\"><\/div><div class=\"main-wrapper\"><input data-validation=\"{&quot;type&quot;:&quot;email&quot;,&quot;required&quot;:false,&quot;validationType&quot;:&quot;none&quot;,&quot;validationWarning&quot;:&quot;Input Invalid&quot;}\" placeholder=\"Email\" name=\"input-email\" class=\"gutenverse-input gutenverse-input-email\" type=\"email\"\/><div class=\"validation-error\">Input Invalid<\/div><\/div><\/div>\n<\/div><\/div><\/div>\n\n\n\n<div class=\"wp-block-gutenverse-column guten-element guten-column guten-6TRFpW\"><div class=\"guten-background-overlay\"><\/div><div class=\"sticky-wrapper\" data-id=\"6TRFpW\"><div class=\"guten-column-wrapper\">\n<div class=\"guten-element guten-form-input-text guten-form-input guten-input-position-top guten-Nqblcc hide-label hide-helper\"><div class=\"label-wrapper\"><\/div><div class=\"main-wrapper\"><input data-validation=\"{&quot;type&quot;:&quot;text&quot;,&quot;required&quot;:false,&quot;validationType&quot;:&quot;none&quot;,&quot;validationWarning&quot;:&quot;Input Invalid&quot;}\" placeholder=\"Servicio de interes\" name=\"input-text-name\" class=\"gutenverse-input gutenverse-input-text\" type=\"text\"\/><div class=\"validation-error\">Input Invalid<\/div><\/div><\/div>\n<\/div><\/div><\/div>\n<\/div><\/section><\/div>\n\n\n\n<div class=\"guten-element guten-form-input-textarea guten-form-input guten-input-position-top guten-IYqA3y hide-label hide-helper\"><div class=\"label-wrapper\"><\/div><div class=\"main-wrapper\"><textarea data-validation=\"{&quot;type&quot;:&quot;textarea&quot;,&quot;required&quot;:false,&quot;validationType&quot;:&quot;none&quot;,&quot;validationWarning&quot;:&quot;Input Invalid&quot;}\" placeholder=\"mensaje\" name=\"input-textarea\" class=\"gutenverse-input gutenverse-input-text\"><\/textarea><div class=\"validation-error\">Input Invalid<\/div><\/div><\/div>\n\n\n\n<div class=\"guten-element guten-button-wrapper guten-submit-wrapper guten-q9SenD\"><div class=\"form-notification\"><\/div><button class=\"guten-button gutenverse-input-submit guten-button-sm\" type=\"submit\"><span>ENVIAR<\/span><\/button><div class=\"gutenverse-input-submit-loader\"><i class=\"fas fa-spinner fa-spin\"><\/i><\/div><\/div>\n<\/form>\n<\/div><\/div><\/div>\n<\/div><\/section><\/div>\n<\/form>\n\n\n\n<div class=\"section-wrapper\" data-id=\"W7rqJA\"><section class=\"wp-block-gutenverse-section guten-element guten-section guten-W7rqJA layout-boxed align-stretch\"><div class=\"guten-background-overlay\"><\/div><div class=\"guten-shape-divider guten-shape-divider-top\"><\/div><div class=\"guten-shape-divider guten-shape-divider-bottom\"><\/div><div class=\"guten-container guten-column-gap-no\">\n<div class=\"wp-block-gutenverse-column guten-element guten-column guten-yfGvrB\"><div class=\"guten-background-overlay\"><\/div><div class=\"sticky-wrapper\" data-id=\"yfGvrB\"><div class=\"guten-column-wrapper\"><\/div><\/div><\/div>\n<\/div><\/section><\/div>\n","protected":false},"excerpt":{"rendered":"<p>Otros servicios Ponte en contacto Programa una visita<\/p>\n","protected":false},"author":1,"featured_media":0,"parent":0,"menu_order":0,"comment_status":"closed","ping_status":"closed","template":"","meta":{"om_disable_all_campaigns":false,"_joinchat":[],"footnotes":""},"class_list":["post-47","page","type-page","status-publish","hentry"],"aioseo_notices":[],"_links":{"self":[{"href":"https:\/\/linkingcol.com\/index.php\/wp-json\/wp\/v2\/pages\/47","targetHints":{"allow":["GET"]}}],"collection":[{"href":"https:\/\/linkingcol.com\/index.php\/wp-json\/wp\/v2\/pages"}],"about":[{"href":"https:\/\/linkingcol.com\/index.php\/wp-json\/wp\/v2\/types\/page"}],"author":[{"embeddable":true,"href":"https:\/\/linkingcol.com\/index.php\/wp-json\/wp\/v2\/users\/1"}],"replies":[{"embeddable":true,"href":"https:\/\/linkingcol.com\/index.php\/wp-json\/wp\/v2\/comments?post=47"}],"version-history":[{"count":95,"href":"https:\/\/linkingcol.com\/index.php\/wp-json\/wp\/v2\/pages\/47\/revisions"}],"predecessor-version":[{"id":520,"href":"https:\/\/linkingcol.com\/index.php\/wp-json\/wp\/v2\/pages\/47\/revisions\/520"}],"wp:attachment":[{"href":"https:\/\/linkingcol.com\/index.php\/wp-json\/wp\/v2\/media?parent=47"}],"curies":[{"name":"wp","href":"https:\/\/api.w.org\/{rel}","templated":true}]}}